{"id":31061,"date":"2020-09-30T11:56:44","date_gmt":"2020-09-30T09:56:44","guid":{"rendered":"https:\/\/www.iskimegeve.com\/?page_id=31061"},"modified":"2025-12-10T22:46:37","modified_gmt":"2025-12-10T21:46:37","slug":"cours-de-ski-%e2%9b%b7megeve","status":"publish","type":"page","link":"https:\/\/www.iskimegeve.com\/fr\/cours-de-ski-%e2%9b%b7megeve\/","title":{"rendered":"Cours de ski \u00e0 Meg\u00e8ve"},"content":{"rendered":"<div class=\"wpb-content-wrapper\"><p>[vc_row][vc_column][vc_single_image image=\u00a0\u00bb31241\u2033 img_size=\u00a0\u00bblarge\u00a0\u00bb alignment=\u00a0\u00bbcenter\u00a0\u00bb style=\u00a0\u00bbvc_box_outline\u00a0\u00bb][vc_column_text]<\/p>\r\n<div class=\"wpb_text_column wpb_content_element wpb_animate_when_almost_visible wpb_right-to-left right-to-left wpb_start_animation animated\">\r\n<div class=\"wpb_wrapper\">\r\n<p style=\"text-align: center;\"><strong style=\"font-family: Arimo, sans-serif; font-size: 1.25em;\"><span style=\"color: #912424;\">Ecole iSki<\/span><\/strong><\/p>\r\n<\/div>\r\n<hr \/><\/div>\r\n<p><!-- \/wp:post-content -->[\/vc_column_text][\/vc_column][\/vc_row][vc_row][vc_column][vc_column_text]<\/p>\r\n<p>\u00a0<\/p>\r\n<p>En famille, entre amis ou \u00e0 deux, vivez les plaisirs de la glisse en cours de ski avec nos moniteurs dipl\u00f4m\u00e9s d\u2019Etat Fran\u00e7ais.<\/p>\r\n<p>Les skis aux pieds et la t\u00eate dans les nuages ne vous occupez de rien et laissez vous guider pour vos cours de ski particuliers \u00e0 Meg\u00e8ve.<\/p>\r\n<p>Des prestations p\u00e9dagogiques sur mesure pour enfants ou adultes, d\u00e9couvrez une vari\u00e9t\u00e9 de lieux typiques autour de Meg\u00e8ve quelque soit votre niveau.<\/p>\r\n<ul>\r\n<li><strong>Horaires des cours 7j\/7*<br \/>Engagement \u00e0 la journ\u00e9e <\/strong>\u00e0 partir de 9h jusqu\u2019\u00e0 16h<strong><br \/>Engagement \u00e0\u00a0la demi-journ\u00e9e <\/strong>9h \u00e0 12h ou 13h \u00e0 16h<br \/><i>(*Nous n\u2019organisons pas de cours collectifs,<br \/>uniquement cours priv\u00e9s individuels, familles, amis, team building\u2026 )<br \/><span style=\"color: #912424;\"><a style=\"color: #912424;\" title=\"Tarifs\" href=\"https:\/\/www.iskimegeve.com\/tarifs\/\" target=\"_blank\" rel=\"noopener\">Les tarifs et formules ici\u00a0<\/a><\/span><\/i><\/li>\r\n<\/ul>\r\n<!-- wp:image {\"id\":2333} -->\r\n<figure class=\"wp-block-image\"><\/figure>\r\n<p>[\/vc_column_text][\/vc_column][\/vc_row][vc_row][vc_column width=\u00a0\u00bb1\/2\u2033][vc_single_image image=\u00a0\u00bb31903\u2033 img_size=\u00a0\u00bblarge\u00a0\u00bb alignment=\u00a0\u00bbcenter\u00a0\u00bb style=\u00a0\u00bbvc_box_outline\u00a0\u00bb][\/vc_column][vc_column width=\u00a0\u00bb1\/2\u2033][vc_single_image image=\u00a0\u00bb30418\u2033 img_size=\u00a0\u00bblarge\u00a0\u00bb alignment=\u00a0\u00bbcenter\u00a0\u00bb style=\u00a0\u00bbvc_box_outline\u00a0\u00bb][\/vc_column][\/vc_row][vc_row][vc_column width=\u00a0\u00bb1\/2\u2033][vc_single_image image=\u00a0\u00bb32158\u2033 img_size=\u00a0\u00bblarge\u00a0\u00bb alignment=\u00a0\u00bbcenter\u00a0\u00bb style=\u00a0\u00bbvc_box_outline\u00a0\u00bb css=\u00a0\u00bb\u00a0\u00bb][\/vc_column][vc_column width=\u00a0\u00bb1\/2\u2033][vc_single_image image=\u00a0\u00bb32095\u2033 img_size=\u00a0\u00bblarge\u00a0\u00bb alignment=\u00a0\u00bbcenter\u00a0\u00bb style=\u00a0\u00bbvc_box_outline\u00a0\u00bb css=\u00a0\u00bb\u00a0\u00bb][\/vc_column][\/vc_row][vc_row][vc_column][vc_column_text css=\u00a0\u00bb\u00a0\u00bb]<\/p>\r\n<p><span style=\"color: #333333;\"> <strong>Les + iSki<\/strong><\/span><!-- \/wp:image --><\/p>\r\n<p><!-- wp:paragraph -->\u2013 Une \u00e9cole de ski haut de gamme pour des prestations exclusives<br \/>\u2013 Un encadrement personnalis\u00e9 par des professionnels du ski<br \/>\u2013 Du plaisir, des sensations au sein d\u2019un suivi technique et progressif<br \/>\u2013 D\u00e8s le niveau d\u00e9butant, interm\u00e9diaire jusqu\u2019\u00e0 l\u2019expert<br \/>\u2013 Une organisation et des horaires modulables selon votre convenance<br \/>\u2013 Le passage prioritaire \u00e9coles de ski sur toutes les remont\u00e9es m\u00e9caniques<br \/>\u2013 Nos conseils avis\u00e9s pour la location de votre mat\u00e9riel selon votre niveau<\/p>\r\n<p><span style=\"color: #333333;\"><strong>Votre niveau technique<\/strong><\/span><\/p>\r\n<p>Niveau d\u00e9butant \u2013 d\u00e9couverte de l\u2019activit\u00e9<br \/>Niveau interm\u00e9diaire \u00e0 perfectionnement<br \/>Remise \u00e0 niveau technique<\/p>\r\n<p><span style=\"color: #333333;\"><strong>Les points de rendez-vous<\/strong><\/span><\/p>\r\n<p>Mont d\u2019Arbois (bas du t\u00e9l\u00e9cabine) \u2013 Centre village Meg\u00e8ve \u2013 Caboche interm\u00e9diaire t\u00e9l\u00e9cabine \u2013 A votre h\u00f4tel ou \u00e0 votre chalet\u2026<\/p>\r\n<p><span style=\"color: #333333;\"><strong>La prestation comprend<\/strong>\u00a0<\/span><\/p>\r\n<p>L\u2019encadrement par un moniteur de ski dipl\u00f4m\u00e9 d\u2019Etat Fran\u00e7ais.<br \/>Nos moniteurs sont bilingues Anglais \/ Fran\u00e7ais.<br \/>Des conseils avis\u00e9s pour s\u00e9lectionner le mat\u00e9riel adapt\u00e9 selon le programme de votre s\u00e9jour en partenariat avec notre ski shop.<\/p>\r\n<p><!-- \/wp:paragraph --><span style=\"color: #333333;\"><strong>Informations relatives aux cours<\/strong>\u00a0<strong>\/ annulation\u00a0<\/strong><\/span><\/p>\r\n<!-- \/wp:paragraph -->\r\n<p><!-- wp:paragraph -->Une assurance en responsabilit\u00e9 civile professionnelle li\u00e9e \u00e0 l\u2019encadrement de l\u2019activit\u00e9 est incluse ; cependant vous devez \u00eatre muni d\u2019une assurance individuelle accident.<br \/>Chaque participant devra d\u00e9clarer ne pas pr\u00e9senter de contre-indications m\u00e9dicales \u00e0 la pratique du ski.<\/p>\r\n<!-- \/wp:paragraph -->\r\n<p><!-- wp:paragraph -->L\u2019annulation doit avoir lieu plus de 30 jours avant le d\u00e9but des cours. Si celle-ci a lieu entre 30 et 15 jours avant le d\u00e9but des cours, un montant correspondant aux heures de cours du premier jour sera retenu. Prestations \u00e0 r\u00e9gler en int\u00e9gralit\u00e9 pass\u00e9 ce d\u00e9lai.<\/p>\r\n<p><span style=\"color: #333333;\"><strong>Vous \u00eates une entreprise<\/strong><\/span><\/p>\r\n<p>Nous organisons vos \u00e9v\u00e9nements d\u2019entreprises sur mesure. (S\u00e9minaires, team building, incentive..)<span style=\"color: #808000;\"><a style=\"color: #808000;\" title=\"Contact\" href=\"https:\/\/www.iskimegeve.com\/contact\/\" target=\"_blank\" rel=\"noopener\">Contactez-nous !<\/a><\/span><\/p>\r\n<p>[\/vc_column_text][\/vc_column][\/vc_row][vc_row][vc_column][vc_single_image image=\u00a0\u00bb30940\u2033 img_size=\u00a0\u00bblarge\u00a0\u00bb alignment=\u00a0\u00bbcenter\u00a0\u00bb style=\u00a0\u00bbvc_box_outline\u00a0\u00bb][\/vc_column][\/vc_row][vc_row][vc_column][vc_column_text]<\/p>\r\n<hr \/>\r\n<p>\u00a0<\/p>\r\n<p>[\/vc_column_text][\/vc_column][\/vc_row]<\/p><\/div>","protected":false},"excerpt":{"rendered":"<p>[vc_row][vc_column][vc_single_image image=\u00a0\u00bb31241\u2033 img_size=\u00a0\u00bblarge\u00a0\u00bb alignment=\u00a0\u00bbcenter\u00a0\u00bb style=\u00a0\u00bbvc_box_outline\u00a0\u00bb][vc_column_text] Ecole iSki [\/vc_column_text][\/vc_column][\/vc_row][vc_row][vc_column][vc_column_text] \u00a0 En famille, entre amis ou \u00e0 deux, vivez les plaisirs de la glisse en cours de ski avec nos moniteurs dipl\u00f4m\u00e9s d\u2019Etat Fran\u00e7ais. Les skis aux pieds et la t\u00eate dans les nuages ne vous occupez de rien et laissez vous guider pour vos cours de ski particuliers \u00e0 Meg\u00e8ve. Des prestations p\u00e9dagogiques sur mesure pour enfants ou adultes, d\u00e9couvrez une vari\u00e9t\u00e9 de lieux typiques autour de Meg\u00e8ve quelque soit votre niveau. Horaires des cours 7j\/7*Engagement \u00e0 la journ\u00e9e \u00e0 partir de 9h jusqu\u2019\u00e0 16hEngagement \u00e0\u00a0la demi-journ\u00e9e 9h \u00e0 12h ou 13h \u00e0 16h(*Nous n\u2019organisons pas de cours collectifs,uniquement cours priv\u00e9s individuels, familles, amis, team building\u2026 )Les tarifs et formules ici\u00a0 [\/vc_column_text][\/vc_column][\/vc_row][vc_row][vc_column width=\u00a0\u00bb1\/2\u2033][vc_single_image image=\u00a0\u00bb31903\u2033 img_size=\u00a0\u00bblarge\u00a0\u00bb alignment=\u00a0\u00bbcenter\u00a0\u00bb style=\u00a0\u00bbvc_box_outline\u00a0\u00bb][\/vc_column][vc_column width=\u00a0\u00bb1\/2\u2033][vc_single_image image=\u00a0\u00bb30418\u2033 img_size=\u00a0\u00bblarge\u00a0\u00bb alignment=\u00a0\u00bbcenter\u00a0\u00bb style=\u00a0\u00bbvc_box_outline\u00a0\u00bb][\/vc_column][\/vc_row][vc_row][vc_column width=\u00a0\u00bb1\/2\u2033][vc_single_image image=\u00a0\u00bb32158\u2033 img_size=\u00a0\u00bblarge\u00a0\u00bb alignment=\u00a0\u00bbcenter\u00a0\u00bb style=\u00a0\u00bbvc_box_outline\u00a0\u00bb css=\u00a0\u00bb\u00a0\u00bb][\/vc_column][vc_column width=\u00a0\u00bb1\/2\u2033][vc_single_image image=\u00a0\u00bb32095\u2033 img_size=\u00a0\u00bblarge\u00a0\u00bb alignment=\u00a0\u00bbcenter\u00a0\u00bb style=\u00a0\u00bbvc_box_outline\u00a0\u00bb css=\u00a0\u00bb\u00a0\u00bb][\/vc_column][\/vc_row][vc_row][vc_column][vc_column_text css=\u00a0\u00bb\u00a0\u00bb] Les + iSki \u2013 Une \u00e9cole de ski haut de gamme pour des prestations exclusives\u2013 Un encadrement personnalis\u00e9 par des professionnels du ski\u2013 Du plaisir, des sensations au sein d\u2019un suivi technique et progressif\u2013 D\u00e8s le niveau d\u00e9butant, interm\u00e9diaire jusqu\u2019\u00e0 l\u2019expert\u2013 Une organisation et des horaires modulables selon votre convenance\u2013 Le passage prioritaire \u00e9coles de ski sur toutes les remont\u00e9es m\u00e9caniques\u2013 Nos conseils avis\u00e9s pour la location de votre mat\u00e9riel selon votre niveau Votre niveau technique Niveau d\u00e9butant \u2013 d\u00e9couverte de l\u2019activit\u00e9Niveau interm\u00e9diaire \u00e0 perfectionnementRemise \u00e0 niveau technique Les points de rendez-vous Mont d\u2019Arbois (bas du t\u00e9l\u00e9cabine) \u2013 Centre village Meg\u00e8ve \u2013 Caboche interm\u00e9diaire t\u00e9l\u00e9cabine \u2013 A votre h\u00f4tel ou \u00e0 votre chalet\u2026 La prestation comprend\u00a0 L\u2019encadrement par un moniteur de ski dipl\u00f4m\u00e9 d\u2019Etat Fran\u00e7ais.Nos moniteurs sont bilingues Anglais \/ Fran\u00e7ais.Des conseils avis\u00e9s pour s\u00e9lectionner le mat\u00e9riel adapt\u00e9 selon le programme de votre s\u00e9jour en partenariat avec notre ski shop. Informations relatives aux cours\u00a0\/ annulation\u00a0 Une assurance en responsabilit\u00e9 civile professionnelle li\u00e9e \u00e0 l\u2019encadrement de l\u2019activit\u00e9 est incluse ; cependant vous devez \u00eatre muni d\u2019une assurance individuelle accident.Chaque participant devra d\u00e9clarer ne pas pr\u00e9senter de contre-indications m\u00e9dicales \u00e0 la pratique du ski. L\u2019annulation doit avoir lieu plus de 30 jours avant le d\u00e9but des cours. Si celle-ci a lieu entre 30 et 15 jours avant le d\u00e9but des cours, un montant correspondant aux heures de cours du premier jour sera retenu. Prestations \u00e0 r\u00e9gler en int\u00e9gralit\u00e9 pass\u00e9 ce d\u00e9lai. Vous \u00eates une entreprise Nous organisons vos \u00e9v\u00e9nements d\u2019entreprises sur mesure. (S\u00e9minaires, team building, incentive..)Contactez-nous ! [\/vc_column_text][\/vc_column][\/vc_row][vc_row][vc_column][vc_single_image image=\u00a0\u00bb30940\u2033 img_size=\u00a0\u00bblarge\u00a0\u00bb alignment=\u00a0\u00bbcenter\u00a0\u00bb style=\u00a0\u00bbvc_box_outline\u00a0\u00bb][\/vc_column][\/vc_row][vc_row][vc_column][vc_column_text] \u00a0 [\/vc_column_text][\/vc_column][\/vc_row]<\/p>\n","protected":false},"author":1,"featured_media":0,"parent":0,"menu_order":0,"comment_status":"closed","ping_status":"closed","template":"","meta":{"footnotes":""},"class_list":["post-31061","page","type-page","status-publish","hentry"],"aioseo_notices":[],"_links":{"self":[{"href":"https:\/\/www.iskimegeve.com\/fr\/wp-json\/wp\/v2\/pages\/31061","targetHints":{"allow":["GET"]}}],"collection":[{"href":"https:\/\/www.iskimegeve.com\/fr\/wp-json\/wp\/v2\/pages"}],"about":[{"href":"https:\/\/www.iskimegeve.com\/fr\/wp-json\/wp\/v2\/types\/page"}],"author":[{"embeddable":true,"href":"https:\/\/www.iskimegeve.com\/fr\/wp-json\/wp\/v2\/users\/1"}],"replies":[{"embeddable":true,"href":"https:\/\/www.iskimegeve.com\/fr\/wp-json\/wp\/v2\/comments?post=31061"}],"version-history":[{"count":24,"href":"https:\/\/www.iskimegeve.com\/fr\/wp-json\/wp\/v2\/pages\/31061\/revisions"}],"predecessor-version":[{"id":32247,"href":"https:\/\/www.iskimegeve.com\/fr\/wp-json\/wp\/v2\/pages\/31061\/revisions\/32247"}],"wp:attachment":[{"href":"https:\/\/www.iskimegeve.com\/fr\/wp-json\/wp\/v2\/media?parent=31061"}],"curies":[{"name":"wp","href":"https:\/\/api.w.org\/{rel}","templated":true}]}}