{"id":31135,"date":"2020-10-05T18:46:08","date_gmt":"2020-10-05T16:46:08","guid":{"rendered":"https:\/\/www.iskimegeve.com\/?page_id=31135"},"modified":"2025-12-10T22:48:19","modified_gmt":"2025-12-10T21:48:19","slug":"cours-de-snowboard-megeve","status":"publish","type":"page","link":"https:\/\/www.iskimegeve.com\/fr\/cours-de-snowboard-megeve\/","title":{"rendered":"Cours de Snowboard \u00e0 Meg\u00e8ve"},"content":{"rendered":"<div class=\"wpb-content-wrapper\"><p>[vc_row][vc_column][vc_single_image image=\u00a0\u00bb32177\u2033 img_size=\u00a0\u00bblarge\u00a0\u00bb alignment=\u00a0\u00bbcenter\u00a0\u00bb style=\u00a0\u00bbvc_box_outline\u00a0\u00bb css=\u00a0\u00bb\u00a0\u00bb][\/vc_column][\/vc_row][vc_row][vc_column][vc_column_text]<\/p>\r\n<div class=\"wpb_text_column wpb_content_element wpb_animate_when_almost_visible wpb_right-to-left right-to-left wpb_start_animation animated\">\r\n<div class=\"wpb_wrapper\">\r\n<p style=\"text-align: center;\"><strong style=\"font-family: Arimo, sans-serif; font-size: 1.25em;\"><span style=\"color: #912424;\">Ecole de Snowboard<\/span><\/strong><\/p>\r\n<\/div>\r\n<hr \/><\/div>\r\n<p><!-- \/wp:post-content -->[\/vc_column_text][\/vc_column][\/vc_row][vc_row][vc_column][vc_column_text]<\/p>\r\n<p>\u00a0<\/p>\r\n<p>Pour votre s\u00e9jour \u00e0 la montagne, profitez des plaisirs du snowboard \u00e0 Meg\u00e8ve.<\/p>\r\n<p>Nous vous invitons \u00e0 d\u00e9couvrir les meilleurs itin\u00e9raires en snowboard et une vari\u00e9t\u00e9 de lieux typiques sur le domaine skiable de Meg\u00e8ve \u00ab\u00a0Evasion Mont Blanc\u00a0\u00bb quelque soit votre niveau.<\/p>\r\n<p>Progresser, devenez esth\u00e9tique et \u00e0 l\u2019aise sur toutes les pistes et toutes les neiges..<\/p>\r\n<p>D\u00e9couvrez les premi\u00e8res sensations du free style, le carving main dans la neige, adresse, coordination, \u00e9quilibre, autonomie\u2026<\/p>\r\n<div class=\"clearboth\">\u00a0<\/div>\r\n<ul>\r\n<li><strong>Horaires des cours 7j\/7<br \/>Engagement \u00e0 la journ\u00e9e <\/strong>\u00e0 partir de 9h \u00e0 16h<strong><br \/>Engagement \u00e0\u00a0la demi-journ\u00e9e <\/strong>9h \u00e0 12h ou 13h \u00e0 16h<br \/><i>(*Nous n\u2019organisons pas de cours collectifs,<br \/>uniquement cours priv\u00e9s individuels, familles, amis, team building\u2026 )<br \/><span style=\"color: #912424;\"><a style=\"color: #912424;\" title=\"Tarifs\" href=\"https:\/\/www.iskimegeve.com\/tarifs\/\" target=\"_blank\" rel=\"noopener\">Les tarifs et formules ici\u00a0<\/a><\/span><\/i><\/li>\r\n<\/ul>\r\n<p>[\/vc_column_text][\/vc_column][\/vc_row][vc_row][vc_column width=\u00a0\u00bb2\/3\u2033][vc_single_image image=\u00a0\u00bb31766\u2033 img_size=\u00a0\u00bblarge\u00a0\u00bb alignment=\u00a0\u00bbcenter\u00a0\u00bb style=\u00a0\u00bbvc_box_outline\u00a0\u00bb][\/vc_column][vc_column width=\u00a0\u00bb1\/3\u2033][vc_single_image image=\u00a0\u00bb32065\u2033 img_size=\u00a0\u00bbmedium\u00a0\u00bb alignment=\u00a0\u00bbcenter\u00a0\u00bb style=\u00a0\u00bbvc_box_outline\u00a0\u00bb css=\u00a0\u00bb\u00a0\u00bb][\/vc_column][\/vc_row][vc_row][vc_column][vc_column_text css=\u00a0\u00bb\u00a0\u00bb]<\/p>\r\n<p><!-- wp:paragraph --><span style=\"color: #333333;\"><strong>Les + iSki<\/strong><\/span><\/p>\r\n<!-- \/wp:paragraph -->\r\n<p><!-- wp:paragraph -->\u2013 Une \u00e9cole de snowboard haut de gamme pour des prestations exclusives<br \/>\u2013 Un encadrement personnalis\u00e9 par des professionnels du snowboard<br \/>\u2013 Du plaisir, des sensations au sein d\u2019un suivi technique et progressif<br \/>\u2013 D\u00e8s le niveau d\u00e9butant, interm\u00e9diaire jusqu\u2019\u00e0 l\u2019expert ; enfants ou adultes<br \/>\u2013 Une organisation et des horaires modulables selon votre convenance<br \/>\u2013 Le passage prioritaire \u00e9coles de ski sur toutes les remont\u00e9es m\u00e9caniques<br \/>\u2013 Nos conseils avis\u00e9s pour la location de votre mat\u00e9riel selon votre niveau<\/p>\r\n<p><span style=\"color: #333333;\"><strong>Votre niveau technique<\/strong><\/span><\/p>\r\n<p>Niveau d\u00e9butant \u2013 d\u00e9couverte de l\u2019activit\u00e9<br \/>Niveau interm\u00e9diaire \u00e0 perfectionnement<br \/>Remise \u00e0 niveau technique<\/p>\r\n<p><span style=\"color: #333333;\"><strong>Les points de rendez-vous<\/strong><\/span><\/p>\r\n<p>Mont d\u2019Arbois \u2013 Centre village Meg\u00e8ve \u2013 Caboche interm\u00e9diaire t\u00e9l\u00e9cabine \u2013 A votre h\u00f4tel ou \u00e0 votre chalet\u2026<\/p>\r\n<p><span style=\"color: #333333;\"><strong>La prestation comprend<\/strong>\u00a0<\/span><\/p>\r\n<p>L\u2019encadrement par un moniteur de snowboard dipl\u00f4m\u00e9 d\u2019Etat Fran\u00e7ais.<br \/>Nos moniteurs sont bilingues Anglais \/ Fran\u00e7ais.<br \/>Des conseils avis\u00e9s pour s\u00e9lectionner le mat\u00e9riel adapt\u00e9 selon le programme de votre s\u00e9jour en partenariat avec notre snow shop.<\/p>\r\n<p><!-- \/wp:paragraph --><span style=\"color: #333333;\"><strong>Informations relatives aux cours<\/strong>\u00a0<strong>\/ annulation\u00a0<\/strong><\/span><\/p>\r\n<!-- \/wp:paragraph -->\r\n<p><!-- wp:paragraph -->Une assurance en responsabilit\u00e9 civile professionnelle li\u00e9e \u00e0 l\u2019encadrement de l\u2019activit\u00e9 est incluse ; cependant vous devez \u00eatre muni d\u2019une assurance individuelle accident.<br \/>Chaque participant devra d\u00e9clarer ne pas pr\u00e9senter de contre-indications m\u00e9dicales \u00e0 la pratique du ski.<\/p>\r\n<!-- \/wp:paragraph -->\r\n<p><!-- wp:paragraph -->L\u2019annulation doit avoir lieu plus de 30 jours avant le d\u00e9but des cours. Si celle-ci a lieu entre 30 et 15 jours avant le d\u00e9but des cours, un montant correspondant aux heures de cours du premier jour sera retenu. Prestations \u00e0 r\u00e9gler en int\u00e9gralit\u00e9 pass\u00e9 ce d\u00e9lai.<\/p>\r\n<p><span style=\"color: #333333;\"><strong>Vous \u00eates une entreprise<\/strong><\/span><\/p>\r\n<p>Nous organisons vos \u00e9v\u00e9nements d\u2019entreprises sur mesure. (S\u00e9minaires, team building, incentive..)<br \/>Contactez-nous !<\/p>\r\n<p>[\/vc_column_text][\/vc_column][\/vc_row][vc_row][vc_column width=\u00a0\u00bb1\/2\u2033][vc_empty_space height=\u00a0\u00bb17px\u00a0\u00bb][vc_single_image image=\u00a0\u00bb31379\u2033 img_size=\u00a0\u00bblarge\u00a0\u00bb alignment=\u00a0\u00bbcenter\u00a0\u00bb style=\u00a0\u00bbvc_box_outline\u00a0\u00bb][vc_single_image image=\u00a0\u00bb31143\u2033 img_size=\u00a0\u00bblarge\u00a0\u00bb alignment=\u00a0\u00bbcenter\u00a0\u00bb style=\u00a0\u00bbvc_box_outline\u00a0\u00bb][\/vc_column][vc_column width=\u00a0\u00bb1\/2\u2033][vc_single_image image=\u00a0\u00bb32060\u2033 img_size=\u00a0\u00bblarge\u00a0\u00bb alignment=\u00a0\u00bbcenter\u00a0\u00bb style=\u00a0\u00bbvc_box_outline\u00a0\u00bb css=\u00a0\u00bb\u00a0\u00bb][\/vc_column][\/vc_row][vc_row][vc_column][vc_column_text]<\/p>\r\n<hr \/>\r\n<p>\u00a0<\/p>\r\n<p>[\/vc_column_text][\/vc_column][\/vc_row]<\/p><\/div>","protected":false},"excerpt":{"rendered":"<p>[vc_row][vc_column][vc_single_image image=\u00a0\u00bb32177\u2033 img_size=\u00a0\u00bblarge\u00a0\u00bb alignment=\u00a0\u00bbcenter\u00a0\u00bb style=\u00a0\u00bbvc_box_outline\u00a0\u00bb css=\u00a0\u00bb\u00a0\u00bb][\/vc_column][\/vc_row][vc_row][vc_column][vc_column_text] Ecole de Snowboard [\/vc_column_text][\/vc_column][\/vc_row][vc_row][vc_column][vc_column_text] \u00a0 Pour votre s\u00e9jour \u00e0 la montagne, profitez des plaisirs du snowboard \u00e0 Meg\u00e8ve. Nous vous invitons \u00e0 d\u00e9couvrir les meilleurs itin\u00e9raires en snowboard et une vari\u00e9t\u00e9 de lieux typiques sur le domaine skiable de Meg\u00e8ve \u00ab\u00a0Evasion Mont Blanc\u00a0\u00bb quelque soit votre niveau. Progresser, devenez esth\u00e9tique et \u00e0 l\u2019aise sur toutes les pistes et toutes les neiges.. D\u00e9couvrez les premi\u00e8res sensations du free style, le carving main dans la neige, adresse, coordination, \u00e9quilibre, autonomie\u2026 \u00a0 Horaires des cours 7j\/7Engagement \u00e0 la journ\u00e9e \u00e0 partir de 9h \u00e0 16hEngagement \u00e0\u00a0la demi-journ\u00e9e 9h \u00e0 12h ou 13h \u00e0 16h(*Nous n\u2019organisons pas de cours collectifs,uniquement cours priv\u00e9s individuels, familles, amis, team building\u2026 )Les tarifs et formules ici\u00a0 [\/vc_column_text][\/vc_column][\/vc_row][vc_row][vc_column width=\u00a0\u00bb2\/3\u2033][vc_single_image image=\u00a0\u00bb31766\u2033 img_size=\u00a0\u00bblarge\u00a0\u00bb alignment=\u00a0\u00bbcenter\u00a0\u00bb style=\u00a0\u00bbvc_box_outline\u00a0\u00bb][\/vc_column][vc_column width=\u00a0\u00bb1\/3\u2033][vc_single_image image=\u00a0\u00bb32065\u2033 img_size=\u00a0\u00bbmedium\u00a0\u00bb alignment=\u00a0\u00bbcenter\u00a0\u00bb style=\u00a0\u00bbvc_box_outline\u00a0\u00bb css=\u00a0\u00bb\u00a0\u00bb][\/vc_column][\/vc_row][vc_row][vc_column][vc_column_text css=\u00a0\u00bb\u00a0\u00bb] Les + iSki \u2013 Une \u00e9cole de snowboard haut de gamme pour des prestations exclusives\u2013 Un encadrement personnalis\u00e9 par des professionnels du snowboard\u2013 Du plaisir, des sensations au sein d\u2019un suivi technique et progressif\u2013 D\u00e8s le niveau d\u00e9butant, interm\u00e9diaire jusqu\u2019\u00e0 l\u2019expert ; enfants ou adultes\u2013 Une organisation et des horaires modulables selon votre convenance\u2013 Le passage prioritaire \u00e9coles de ski sur toutes les remont\u00e9es m\u00e9caniques\u2013 Nos conseils avis\u00e9s pour la location de votre mat\u00e9riel selon votre niveau Votre niveau technique Niveau d\u00e9butant \u2013 d\u00e9couverte de l\u2019activit\u00e9Niveau interm\u00e9diaire \u00e0 perfectionnementRemise \u00e0 niveau technique Les points de rendez-vous Mont d\u2019Arbois \u2013 Centre village Meg\u00e8ve \u2013 Caboche interm\u00e9diaire t\u00e9l\u00e9cabine \u2013 A votre h\u00f4tel ou \u00e0 votre chalet\u2026 La prestation comprend\u00a0 L\u2019encadrement par un moniteur de snowboard dipl\u00f4m\u00e9 d\u2019Etat Fran\u00e7ais.Nos moniteurs sont bilingues Anglais \/ Fran\u00e7ais.Des conseils avis\u00e9s pour s\u00e9lectionner le mat\u00e9riel adapt\u00e9 selon le programme de votre s\u00e9jour en partenariat avec notre snow shop. Informations relatives aux cours\u00a0\/ annulation\u00a0 Une assurance en responsabilit\u00e9 civile professionnelle li\u00e9e \u00e0 l\u2019encadrement de l\u2019activit\u00e9 est incluse ; cependant vous devez \u00eatre muni d\u2019une assurance individuelle accident.Chaque participant devra d\u00e9clarer ne pas pr\u00e9senter de contre-indications m\u00e9dicales \u00e0 la pratique du ski. L\u2019annulation doit avoir lieu plus de 30 jours avant le d\u00e9but des cours. Si celle-ci a lieu entre 30 et 15 jours avant le d\u00e9but des cours, un montant correspondant aux heures de cours du premier jour sera retenu. Prestations \u00e0 r\u00e9gler en int\u00e9gralit\u00e9 pass\u00e9 ce d\u00e9lai. Vous \u00eates une entreprise Nous organisons vos \u00e9v\u00e9nements d\u2019entreprises sur mesure. (S\u00e9minaires, team building, incentive..)Contactez-nous ! [\/vc_column_text][\/vc_column][\/vc_row][vc_row][vc_column width=\u00a0\u00bb1\/2\u2033][vc_empty_space height=\u00a0\u00bb17px\u00a0\u00bb][vc_single_image image=\u00a0\u00bb31379\u2033 img_size=\u00a0\u00bblarge\u00a0\u00bb alignment=\u00a0\u00bbcenter\u00a0\u00bb style=\u00a0\u00bbvc_box_outline\u00a0\u00bb][vc_single_image image=\u00a0\u00bb31143\u2033 img_size=\u00a0\u00bblarge\u00a0\u00bb alignment=\u00a0\u00bbcenter\u00a0\u00bb style=\u00a0\u00bbvc_box_outline\u00a0\u00bb][\/vc_column][vc_column width=\u00a0\u00bb1\/2\u2033][vc_single_image image=\u00a0\u00bb32060\u2033 img_size=\u00a0\u00bblarge\u00a0\u00bb alignment=\u00a0\u00bbcenter\u00a0\u00bb style=\u00a0\u00bbvc_box_outline\u00a0\u00bb css=\u00a0\u00bb\u00a0\u00bb][\/vc_column][\/vc_row][vc_row][vc_column][vc_column_text] \u00a0 [\/vc_column_text][\/vc_column][\/vc_row]<\/p>\n","protected":false},"author":1,"featured_media":0,"parent":0,"menu_order":0,"comment_status":"closed","ping_status":"closed","template":"","meta":{"footnotes":""},"class_list":["post-31135","page","type-page","status-publish","hentry"],"aioseo_notices":[],"_links":{"self":[{"href":"https:\/\/www.iskimegeve.com\/fr\/wp-json\/wp\/v2\/pages\/31135","targetHints":{"allow":["GET"]}}],"collection":[{"href":"https:\/\/www.iskimegeve.com\/fr\/wp-json\/wp\/v2\/pages"}],"about":[{"href":"https:\/\/www.iskimegeve.com\/fr\/wp-json\/wp\/v2\/types\/page"}],"author":[{"embeddable":true,"href":"https:\/\/www.iskimegeve.com\/fr\/wp-json\/wp\/v2\/users\/1"}],"replies":[{"embeddable":true,"href":"https:\/\/www.iskimegeve.com\/fr\/wp-json\/wp\/v2\/comments?post=31135"}],"version-history":[{"count":17,"href":"https:\/\/www.iskimegeve.com\/fr\/wp-json\/wp\/v2\/pages\/31135\/revisions"}],"predecessor-version":[{"id":32248,"href":"https:\/\/www.iskimegeve.com\/fr\/wp-json\/wp\/v2\/pages\/31135\/revisions\/32248"}],"wp:attachment":[{"href":"https:\/\/www.iskimegeve.com\/fr\/wp-json\/wp\/v2\/media?parent=31135"}],"curies":[{"name":"wp","href":"https:\/\/api.w.org\/{rel}","templated":true}]}}