{"id":31200,"date":"2020-10-06T13:16:22","date_gmt":"2020-10-06T11:16:22","guid":{"rendered":"https:\/\/www.iskimegeve.com\/?page_id=31200"},"modified":"2025-03-17T17:59:36","modified_gmt":"2025-03-17T16:59:36","slug":"contact","status":"publish","type":"page","link":"https:\/\/www.iskimegeve.com\/fr\/contact\/","title":{"rendered":"Contact"},"content":{"rendered":"<div class=\"wpb-content-wrapper\"><p>[vc_row][vc_column][vc_single_image image=\u00a0\u00bb32126\u2033 img_size=\u00a0\u00bblarge\u00a0\u00bb alignment=\u00a0\u00bbcenter\u00a0\u00bb style=\u00a0\u00bbvc_box_outline\u00a0\u00bb css=\u00a0\u00bb\u00a0\u00bb][vc_column_text]<\/p>\n<div class=\"wpb_text_column wpb_content_element wpb_animate_when_almost_visible wpb_right-to-left right-to-left wpb_start_animation animated\">\n<div class=\"wpb_wrapper\">\n<p style=\"text-align: center;\"><strong style=\"font-family: Arimo, sans-serif; font-size: 1.25em;\"><span style=\"color: #912424;\">Contact \u2013 R\u00e9servation<\/span><\/strong><\/p>\n<\/div>\n<hr \/>\n<\/div>\n<p>[\/vc_column_text][vc_column_text css=\u00a0\u00bb\u00a0\u00bb]iSkimeg\u00e8ve r\u00e9pond \u00e0 toutes vos demandes. En fonction de vos besoins et de nos disponibilit\u00e9s, nos moniteurs vous contacteront sous 24h pour organiser votre s\u00e9jour de glisse \u00e0 Meg\u00e8ve selon votre convenance.<\/p>\n<p style=\"text-align: left;\">D\u00e9finissez vos attentes gr\u00e2ce \u00e0 notre formulaire en ligne et nous serons ravis de vous proposer une prestation sur mesure.<\/p>\n<p><strong><i>Nous proposons uniquement des cours particuliers en engagement individuel ou famille \/ amis. Formule par demi-journ\u00e9e ou journ\u00e9e.<br \/>\n<\/i><\/strong><i>(<\/i><i>*<\/i><i>Pour adultes et enfants \u00e0 partir de 7ans \/ <\/i><i>Nous n\u2019organisons pas de cours collectifs<\/i>)<\/p>\n<p><span style=\"color: #912424;\"><strong>+33(0)6 16 24 80 62 \u2686 iskimegeve@me.com<\/strong><\/span>[\/vc_column_text]\n<div class=\"wpcf7 no-js\" id=\"wpcf7-f29792-o1\" lang=\"fr-FR\" dir=\"ltr\" data-wpcf7-id=\"29792\">\n<div class=\"screen-reader-response\"><p role=\"status\" aria-live=\"polite\" aria-atomic=\"true\"><\/p> <ul><\/ul><\/div>\n<form action=\"\/fr\/wp-json\/wp\/v2\/pages\/31200#wpcf7-f29792-o1\" method=\"post\" class=\"wpcf7-form init\" aria-label=\"Formulaire de contact\" novalidate=\"novalidate\" data-status=\"init\">\n<fieldset class=\"hidden-fields-container\"><input type=\"hidden\" name=\"_wpcf7\" value=\"29792\" \/><input type=\"hidden\" name=\"_wpcf7_version\" value=\"6.1.5\" \/><input type=\"hidden\" name=\"_wpcf7_locale\" value=\"fr_FR\" \/><input type=\"hidden\" name=\"_wpcf7_unit_tag\" value=\"wpcf7-f29792-o1\" \/><input type=\"hidden\" name=\"_wpcf7_container_post\" value=\"0\" \/><input type=\"hidden\" name=\"_wpcf7_posted_data_hash\" value=\"\" \/>\n<\/fieldset>\n<div id=\"formulaire-responsive\" class=\"clearfix\">\n\t<div class=\"rang-form\">\n\t\t<div class=\"demi-colonne\">\n\t\t\t<p>Votre pr\u00e9nom <span class=\"wpcf7-form-control-wrap\" data-name=\"first-name\"><input size=\"40\" maxlength=\"400\" class=\"wpcf7-form-control wpcf7-text wpcf7-validates-as-required\" aria-required=\"true\" aria-invalid=\"false\" value=\"\" type=\"text\" name=\"first-name\" \/><\/span>\n\t\t\t<\/p>\n\t\t<\/div>\n\t\t<div class=\"demi-colonne\">\n\t\t\t<p>Votre nom <span class=\"wpcf7-form-control-wrap\" data-name=\"last-name\"><input size=\"40\" maxlength=\"400\" class=\"wpcf7-form-control wpcf7-text wpcf7-validates-as-required\" aria-required=\"true\" aria-invalid=\"false\" value=\"\" type=\"text\" name=\"last-name\" \/><\/span>\n\t\t\t<\/p>\n\t\t<\/div>\n\t<\/div>\n\t<div class=\"rang-form\">\n\t\t<div class=\"demi-colonne\">\n\t\t\t<p>Email <span class=\"wpcf7-form-control-wrap\" data-name=\"your-email\"><input size=\"40\" maxlength=\"400\" class=\"wpcf7-form-control wpcf7-email wpcf7-validates-as-required wpcf7-text wpcf7-validates-as-email\" aria-required=\"true\" aria-invalid=\"false\" value=\"\" type=\"email\" name=\"your-email\" \/><\/span>\n\t\t\t<\/p>\n\t\t<\/div>\n\t\t<div class=\"demi-colonne\">\n\t\t\t<p>T\u00e9l\u00e9phone <span class=\"wpcf7-form-control-wrap\" data-name=\"your-phone\"><input size=\"40\" maxlength=\"400\" class=\"wpcf7-form-control wpcf7-text wpcf7-validates-as-required\" aria-required=\"true\" aria-invalid=\"false\" value=\"\" type=\"text\" name=\"your-phone\" \/><\/span>\n\t\t\t<\/p>\n\t\t<\/div>\n\t<\/div>\n\t<div class=\"rang-form\">\n\t\t<div class=\"colonne\">\n\t\t\t<p>Dates de vos cours <span class=\"wpcf7-form-control-wrap\" data-name=\"your-date\"><input size=\"40\" maxlength=\"400\" class=\"wpcf7-form-control wpcf7-text wpcf7-validates-as-required\" aria-required=\"true\" aria-invalid=\"false\" value=\"\" type=\"text\" name=\"your-date\" \/><\/span>\n\t\t\t<\/p>\n\t\t<\/div>\n\t<\/div>\n\t<div class=\"rang-form\">\n\t\t<div class=\"colonne\">\n\t\t\t<p>Activit\u00e9s <span class=\"wpcf7-form-control-wrap\" data-name=\"checkbox-516\"><span class=\"wpcf7-form-control wpcf7-checkbox wpcf7-exclusive-checkbox\"><span class=\"wpcf7-list-item first\"><input type=\"checkbox\" name=\"checkbox-516\" value=\"Ski\" \/><span class=\"wpcf7-list-item-label\">Ski<\/span><\/span><span class=\"wpcf7-list-item\"><input type=\"checkbox\" name=\"checkbox-516\" value=\"Snowboard\" \/><span class=\"wpcf7-list-item-label\">Snowboard<\/span><\/span><span class=\"wpcf7-list-item\"><input type=\"checkbox\" name=\"checkbox-516\" value=\"Hors-piste\" \/><span class=\"wpcf7-list-item-label\">Hors-piste<\/span><\/span><span class=\"wpcf7-list-item last\"><input type=\"checkbox\" name=\"checkbox-516\" value=\"Ski de randonn\u00e9e\" \/><span class=\"wpcf7-list-item-label\">Ski de randonn\u00e9e<\/span><\/span><\/span><\/span>\n\t\t\t<\/p>\n\t\t<\/div>\n\t\t<div class=\"rang-form\">\n\t\t\t<div class=\"colonne\">\n\t\t\t\t<p>Engagement <span class=\"wpcf7-form-control-wrap\" data-name=\"checkbox-932\"><span class=\"wpcf7-form-control wpcf7-checkbox wpcf7-exclusive-checkbox\"><span class=\"wpcf7-list-item first\"><input type=\"checkbox\" name=\"checkbox-932\" value=\"Journ\u00e9e\" \/><span class=\"wpcf7-list-item-label\">Journ\u00e9e<\/span><\/span><span class=\"wpcf7-list-item\"><input type=\"checkbox\" name=\"checkbox-932\" value=\"Demi-journ\u00e9e\" \/><span class=\"wpcf7-list-item-label\">Demi-journ\u00e9e<\/span><\/span><span class=\"wpcf7-list-item last\"><input type=\"checkbox\" name=\"checkbox-932\" value=\"Semaine\" \/><span class=\"wpcf7-list-item-label\">Semaine<\/span><\/span><\/span><\/span>\n\t\t\t\t<\/p>\n\t\t\t<\/div>\n\t\t\t<div class=\"rang-form\">\n\t\t\t\t<div class=\"colonne\">\n\t\t\t\t\t<p><span class=\"wpcf7-form-control-wrap\" data-name=\"rdv\"><select class=\"wpcf7-form-control wpcf7-select wpcf7-validates-as-required gem-combobox\" aria-required=\"true\" aria-invalid=\"false\" name=\"rdv\"><option value=\"Lieu de rendez-vous\">Lieu de rendez-vous<\/option><option value=\"Mont d&#039;Arbois\">Mont d&#039;Arbois<\/option><option value=\"Ski Shop\">Ski Shop<\/option><option value=\"La Caboche (Rocharbois)\">La Caboche (Rocharbois)<\/option><option value=\"La Princesse\">La Princesse<\/option><option value=\"H\u00f4tel (sp\u00e9cifier)\">H\u00f4tel (sp\u00e9cifier)<\/option><option value=\"Chalet (sp\u00e9cifier l&#039;adresse)\">Chalet (sp\u00e9cifier l&#039;adresse)<\/option><\/select><\/span>\n\t\t\t\t\t<\/p>\n\t\t\t\t<\/div>\n\t\t\t<\/div>\n\t\t\t<div class=\"rang-form\">\n\t\t\t\t<div class=\"colonne\">\n\t\t\t\t\t<p>Votre message <span class=\"wpcf7-form-control-wrap\" data-name=\"your-message\"><textarea cols=\"40\" rows=\"10\" maxlength=\"2000\" class=\"wpcf7-form-control wpcf7-textarea\" aria-invalid=\"false\" name=\"your-message\"><\/textarea><\/span>\n\t\t\t\t\t<\/p>\n\t\t\t\t<\/div>\n\t\t\t<\/div>\n\t\t\t<div class=\"cf7-cf-turnstile\" style=\"margin-top: 0px; margin-bottom: -15px;\"> <div id=\"cf-turnstile-cf7-1261414899\" class=\"cf-turnstile\" data-sitekey=\"0x4AAAAAABGTHeTZGfp9KSNp\" data-theme=\"light\" data-language=\"auto\" data-size=\"normal\" data-retry=\"auto\" data-retry-interval=\"1000\" data-refresh-expired=\"auto\" data-refresh-timeout=\"auto\" data-action=\"contact-form-7\" data-callback=\"turnstileCF7Callback\" data-appearance=\"interaction-only\"><\/div> <script>document.addEventListener(\"DOMContentLoaded\", function() { setTimeout(function(){ var e=document.getElementById(\"cf-turnstile-cf7-1261414899\"); if(e&&!e.innerHTML.trim()){turnstile.render(e, {sitekey:\"0x4AAAAAABGTHeTZGfp9KSNp\"});} }, 200); });<\/script> <style>#cf-turnstile-cf7-1261414899 iframe { margin-bottom: 15px; }<\/style> <style>#cf-turnstile-cf7-1261414899 { margin-left: -15px; }<\/style> <script>document.addEventListener(\"DOMContentLoaded\",function(){document.querySelectorAll('.wpcf7-form').forEach(function(e){e.addEventListener('submit',function(){if(document.getElementById('cf-turnstile-cf7-1261414899')){setTimeout(function(){turnstile.reset('#cf-turnstile-cf7-1261414899');},1000)}})})});<\/script> <\/div>\n\t\t\t<div class=\"rang-form\">\n\t\t\t\t<div class=\"colonne\">\n\t\t\t\t\t<p><input class=\"wpcf7-form-control wpcf7-submit has-spinner\" type=\"submit\" value=\"Envoyer\" \/>\n\t\t\t\t\t<\/p>\n\t\t\t\t<\/div>\n\t\t\t<\/div>\n\t\t<\/div><!--fin de formulaire-responsive-->\n\t<\/div>\n<\/div><div class=\"wpcf7-response-output\" aria-hidden=\"true\"><\/div>\n<\/form>\n<\/div>\n[\/vc_column][\/vc_row][vc_row][vc_column width=\u00a0\u00bb2\/3\u2033][vc_empty_space height=\u00a0\u00bb90px\u00a0\u00bb][vc_column_text]Lors d\u2019un weekend pour d\u00e9couvrir les meilleurs itin\u00e9raires \u00e0 Meg\u00e8ve ou lors de vos vacances en famille.<\/p>\n<p>\u00a0<\/p>\n<p>Afin que chacun progresse \u00e0 son rythme, quelle que soit votre niveau de pratique ; venez d\u00e9couvrir les pistes du domaine Evasion Mont-Blanc, de l\u2019entra\u00eenement au slalom g\u00e9ant, \u00e0 l\u2019apprentissage du carving ou en ski hors-pistes sur des itin\u00e9raires sauvages et vari\u00e9s\u2026<\/p>\n<p>\u00a0<\/p>\n<p>Suite aux nombreuses demandes durant les p\u00e9riodes des vacances scolaires, pensez \u00e0 reserver vos journ\u00e9es de ski ou de snowboard \u00e0 l\u2019avance !<br \/>\nMont d\u2019Arbois \u2013 Princesse \u2013 Meg\u00e8ve village \u2013 Jaillet \u2013 Rochebrune \u2013 Caboche\u2026[\/vc_column_text][\/vc_column][vc_column width=\u00a0\u00bb1\/3\u2033][vc_empty_space height=\u00a0\u00bb60px\u00a0\u00bb][vc_single_image image=\u00a0\u00bb31054\u2033 img_size=\u00a0\u00bbmedium\u00a0\u00bb alignment=\u00a0\u00bbcenter\u00a0\u00bb style=\u00a0\u00bbvc_box_outline\u00a0\u00bb][vc_single_image image=\u00a0\u00bb29923\u2033 img_size=\u00a0\u00bbmedium\u00a0\u00bb alignment=\u00a0\u00bbcenter\u00a0\u00bb style=\u00a0\u00bbvc_box_outline\u00a0\u00bb][\/vc_column][\/vc_row][vc_row][vc_column][vc_single_image image=\u00a0\u00bb29849\u2033 img_size=\u00a0\u00bblarge\u00a0\u00bb alignment=\u00a0\u00bbcenter\u00a0\u00bb style=\u00a0\u00bbvc_box_outline\u00a0\u00bb][\/vc_column][\/vc_row][vc_row][vc_column][vc_column_text]<\/p>\n<hr \/>\n<p>[\/vc_column_text][\/vc_column][\/vc_row]<\/p>\n<\/div>","protected":false},"excerpt":{"rendered":"<p>[vc_row][vc_column][vc_single_image image=\u00a0\u00bb32126\u2033 img_size=\u00a0\u00bblarge\u00a0\u00bb alignment=\u00a0\u00bbcenter\u00a0\u00bb style=\u00a0\u00bbvc_box_outline\u00a0\u00bb css=\u00a0\u00bb\u00a0\u00bb][vc_column_text] Contact \u2013 R\u00e9servation [\/vc_column_text][vc_column_text css=\u00a0\u00bb\u00a0\u00bb]iSkimeg\u00e8ve r\u00e9pond \u00e0 toutes vos demandes. En fonction de vos besoins et de nos disponibilit\u00e9s, nos moniteurs vous contacteront sous 24h pour organiser votre s\u00e9jour de glisse \u00e0 Meg\u00e8ve selon votre convenance. D\u00e9finissez vos attentes gr\u00e2ce \u00e0 notre formulaire en ligne et nous serons ravis de vous proposer une prestation sur mesure. Nous proposons uniquement des cours particuliers en engagement individuel ou famille \/ amis. Formule par demi-journ\u00e9e ou journ\u00e9e. (*Pour adultes et enfants \u00e0 partir de 7ans \/ Nous n\u2019organisons pas de cours collectifs) +33(0)6 16 24 80 62 \u2686 iskimegeve@me.com[\/vc_column_text][\/vc_column][\/vc_row][vc_row][vc_column width=\u00a0\u00bb2\/3\u2033][vc_empty_space height=\u00a0\u00bb90px\u00a0\u00bb][vc_column_text]Lors d\u2019un weekend pour d\u00e9couvrir les meilleurs itin\u00e9raires \u00e0 Meg\u00e8ve ou lors de vos vacances en famille. \u00a0 Afin que chacun progresse \u00e0 son rythme, quelle que soit votre niveau de pratique ; venez d\u00e9couvrir les pistes du domaine Evasion Mont-Blanc, de l\u2019entra\u00eenement au slalom g\u00e9ant, \u00e0 l\u2019apprentissage du carving ou en ski hors-pistes sur des itin\u00e9raires sauvages et vari\u00e9s\u2026 \u00a0 Suite aux nombreuses demandes durant les p\u00e9riodes des vacances scolaires, pensez \u00e0 reserver vos journ\u00e9es de ski ou de snowboard \u00e0 l\u2019avance ! Mont d\u2019Arbois \u2013 Princesse \u2013 Meg\u00e8ve village \u2013 Jaillet \u2013 Rochebrune \u2013 Caboche\u2026[\/vc_column_text][\/vc_column][vc_column width=\u00a0\u00bb1\/3\u2033][vc_empty_space height=\u00a0\u00bb60px\u00a0\u00bb][vc_single_image image=\u00a0\u00bb31054\u2033 img_size=\u00a0\u00bbmedium\u00a0\u00bb alignment=\u00a0\u00bbcenter\u00a0\u00bb style=\u00a0\u00bbvc_box_outline\u00a0\u00bb][vc_single_image image=\u00a0\u00bb29923\u2033 img_size=\u00a0\u00bbmedium\u00a0\u00bb alignment=\u00a0\u00bbcenter\u00a0\u00bb style=\u00a0\u00bbvc_box_outline\u00a0\u00bb][\/vc_column][\/vc_row][vc_row][vc_column][vc_single_image image=\u00a0\u00bb29849\u2033 img_size=\u00a0\u00bblarge\u00a0\u00bb alignment=\u00a0\u00bbcenter\u00a0\u00bb style=\u00a0\u00bbvc_box_outline\u00a0\u00bb][\/vc_column][\/vc_row][vc_row][vc_column][vc_column_text] [\/vc_column_text][\/vc_column][\/vc_row]<\/p>\n","protected":false},"author":1,"featured_media":0,"parent":0,"menu_order":0,"comment_status":"closed","ping_status":"closed","template":"","meta":{"footnotes":""},"class_list":["post-31200","page","type-page","status-publish","hentry"],"aioseo_notices":[],"_links":{"self":[{"href":"https:\/\/www.iskimegeve.com\/fr\/wp-json\/wp\/v2\/pages\/31200","targetHints":{"allow":["GET"]}}],"collection":[{"href":"https:\/\/www.iskimegeve.com\/fr\/wp-json\/wp\/v2\/pages"}],"about":[{"href":"https:\/\/www.iskimegeve.com\/fr\/wp-json\/wp\/v2\/types\/page"}],"author":[{"embeddable":true,"href":"https:\/\/www.iskimegeve.com\/fr\/wp-json\/wp\/v2\/users\/1"}],"replies":[{"embeddable":true,"href":"https:\/\/www.iskimegeve.com\/fr\/wp-json\/wp\/v2\/comments?post=31200"}],"version-history":[{"count":16,"href":"https:\/\/www.iskimegeve.com\/fr\/wp-json\/wp\/v2\/pages\/31200\/revisions"}],"predecessor-version":[{"id":32129,"href":"https:\/\/www.iskimegeve.com\/fr\/wp-json\/wp\/v2\/pages\/31200\/revisions\/32129"}],"wp:attachment":[{"href":"https:\/\/www.iskimegeve.com\/fr\/wp-json\/wp\/v2\/media?parent=31200"}],"curies":[{"name":"wp","href":"https:\/\/api.w.org\/{rel}","templated":true}]}}