{"id":31221,"date":"2020-10-06T15:25:12","date_gmt":"2020-10-06T13:25:12","guid":{"rendered":"https:\/\/www.iskimegeve.com\/?page_id=31221"},"modified":"2025-12-10T22:48:56","modified_gmt":"2025-12-10T21:48:56","slug":"ski-hors-piste","status":"publish","type":"page","link":"https:\/\/www.iskimegeve.com\/fr\/ski-hors-piste\/","title":{"rendered":"Hors Piste"},"content":{"rendered":"<div class=\"wpb-content-wrapper\"><p>[vc_row][vc_column][vc_single_image image=\u00a0\u00bb31457\u2033 img_size=\u00a0\u00bblarge\u00a0\u00bb alignment=\u00a0\u00bbcenter\u00a0\u00bb style=\u00a0\u00bbvc_box_outline\u00a0\u00bb][\/vc_column][\/vc_row][vc_row][vc_column width=\u00a0\u00bb1\/2\u2033][vc_single_image image=\u00a0\u00bb32036\u2033 img_size=\u00a0\u00bblarge\u00a0\u00bb alignment=\u00a0\u00bbcenter\u00a0\u00bb style=\u00a0\u00bbvc_box_outline\u00a0\u00bb css=\u00a0\u00bb\u00a0\u00bb][\/vc_column][vc_column width=\u00a0\u00bb1\/2\u2033][vc_empty_space height=\u00a0\u00bb6px\u00a0\u00bb][vc_single_image image=\u00a0\u00bb31143\u2033 img_size=\u00a0\u00bblarge\u00a0\u00bb alignment=\u00a0\u00bbcenter\u00a0\u00bb style=\u00a0\u00bbvc_box_outline\u00a0\u00bb css=\u00a0\u00bb\u00a0\u00bb][\/vc_column][\/vc_row][vc_row][vc_column][vc_column_text]<\/p>\r\n<div class=\"wpb_text_column wpb_content_element wpb_animate_when_almost_visible wpb_right-to-left right-to-left wpb_start_animation animated\">\r\n<div class=\"wpb_wrapper\">\r\n<p style=\"text-align: center;\"><strong style=\"font-family: Arimo, sans-serif; font-size: 1.25em;\"><span style=\"color: #912424;\">Ski de Randonn\u00e9e & Hors Piste<\/span><\/strong><\/p>\r\n<\/div>\r\n<hr \/><\/div>\r\n<!-- \/wp:post-content --><!-- \/wp:paragraph -->\r\n<div class=\"wpb_text_column wpb_content_element \">\r\n<div class=\"wpb_wrapper\">\r\n<p>\u00a0<\/p>\r\n<p>A ski ou en snowboard, plaisirs, s\u00e9curit\u00e9 et technique sur les plus beaux itin\u00e9raires de randonn\u00e9es \u00e0 Meg\u00e8ve ou lors de vos sorties hors-piste\u2026<\/p>\r\n<p>Meg\u00e8ve est un v\u00e9ritable paradis pour s\u2019initier ou perfectionner le ski hors-piste.<br \/>Quel que soit votre niveau ou votre endurance, nous trouverons un itin\u00e9raire adapt\u00e9e \u00e0 vos capacit\u00e9s, les for\u00eats ou clairi\u00e8res du domaine \u00c9vasion Mont Blanc ou les pentes poudreuses du Mont Joly jusqu\u2019au Contamines\u2026<\/p>\r\n<p>Les itin\u00e9raires de ski de randonn\u00e9e sont \u00e9galement nombreux et permettent de profiter des fabuleux paysages du massif du Mont Blanc.<br \/>Nos instructeurs s\u2019adaptent \u00e0 votre niveau et s\u2019assurent que vous soyez en s\u00e9curit\u00e9 \u00e0 chaque instant.<\/p>\r\n<\/div>\r\n<\/div>\r\n<p>\u00a0<\/p>\r\n<p>[\/vc_column_text][\/vc_column][\/vc_row][vc_row][vc_column width=\u00a0\u00bb1\/2\u2033][vc_empty_space height=\u00a0\u00bb52px\u00a0\u00bb][vc_column_text]<\/p>\r\n<p><strong><strong>Ski guiding 7j\/7 <\/strong><\/strong><\/p>\r\n<p>Ski Randonn\u00e9e \/ Hors-piste<br \/>Ski\u00a0Touring \/ Hiking<\/p>\r\n<ul>\r\n<li><strong>Engagement journ\u00e9e<br \/><\/strong>\u00e0 partir de 9h \u2013 16h<strong><br \/><\/strong><\/li>\r\n<li><strong>Engagement demi-journ\u00e9e<br \/><\/strong>matin\u00e9e 9h \u2013 12h<\/li>\r\n<\/ul>\r\n<p>[\/vc_column_text][\/vc_column][vc_column width=\u00a0\u00bb1\/2\u2033][vc_single_image image=\u00a0\u00bb31462\u2033 img_size=\u00a0\u00bblarge\u00a0\u00bb alignment=\u00a0\u00bbcenter\u00a0\u00bb style=\u00a0\u00bbvc_box_outline\u00a0\u00bb][\/vc_column][\/vc_row][vc_row][vc_column][vc_column_text css=\u00a0\u00bb\u00a0\u00bb]<\/p>\r\n<p><span style=\"color: #333333;\"><strong>Les + iSki<\/strong><\/span><\/p>\r\n<p>\u2013 Un encadrement personnalis\u00e9 par des professionnels dipl\u00f4m\u00e9s<br \/>\u2013 Du plaisir, des sensations au sein d\u2019un suivi technique et progressif<br \/>\u2013 Nous fournissons DVA et vous formons \u00e0 l\u2019utilisation de votre mat\u00e9riel de s\u00e9curit\u00e9<br \/>\u2013 Une organisation et des horaires modulables selon votre convenance<br \/>\u2013 Le passage prioritaire \u00e9coles de ski aux remont\u00e9es m\u00e9caniques pour acc\u00e9der aux espaces<br \/>\u2013 Nos conseils avis\u00e9s pour la location de votre mat\u00e9riel hors piste selon votre niveau<\/p>\r\n<p><span style=\"color: #333333;\"><strong>Votre niveau technique<\/strong><\/span><\/p>\r\n<p>Initiation au hors piste (\u00e0 partir du niveau skis parall\u00e8les sur pistes rouges)<br \/>Perfectionnement<br \/>Remise \u00e0 niveau technique<\/p>\r\n<p><span style=\"color: #333333;\"><strong>Les points de rendez-vous<\/strong><\/span><\/p>\r\n<p>Mont d\u2019Arbois \u2013 Ski shop \u2013 Centre village Meg\u00e8ve \u2013 Caboche interm\u00e9diaire t\u00e9l\u00e9cabine \u2013 A votre h\u00f4tel ou \u00e0 votre chalet\u2026<\/p>\r\n<p><span style=\"color: #333333;\"><strong>La prestation comprend<\/strong>\u00a0<\/span><\/p>\r\n<p>L\u2019encadrement par un moniteur de snowboard dipl\u00f4m\u00e9 d\u2019Etat Fran\u00e7ais.<br \/>Nos moniteurs sont bilingues Anglais \/ Fran\u00e7ais.<br \/>Des conseils avis\u00e9s pour s\u00e9lectionner le mat\u00e9riel adapt\u00e9 selon le programme de votre s\u00e9jour en partenariat avec notre ski shop.<\/p>\r\n<p><!-- \/wp:paragraph --><span style=\"color: #333333;\"><strong>Informations relatives aux cours<\/strong>\u00a0<strong>\/ annulation\u00a0<\/strong><\/span><\/p>\r\n<!-- \/wp:paragraph -->\r\n<p><!-- wp:paragraph -->Une assurance en responsabilit\u00e9 civile professionnelle li\u00e9e \u00e0 l\u2019encadrement de l\u2019activit\u00e9 est incluse ; cependant vous devez \u00eatre muni d\u2019une assurance individuelle accident. Chaque participant devra d\u00e9clarer ne pas pr\u00e9senter de contre-indications m\u00e9dicales \u00e0 la pratique du ski.<\/p>\r\n<!-- \/wp:paragraph -->\r\n<p><!-- wp:paragraph -->L\u2019annulation doit avoir lieu plus de 30 jours avant le d\u00e9but des cours. Si celle-ci a lieu entre 30 et 15 jours avant le d\u00e9but des cours, un montant correspondant aux heures de cours du premier jour sera retenu. Prestations \u00e0 r\u00e9gler en int\u00e9gralit\u00e9 pass\u00e9 ce d\u00e9lai.<\/p>\r\n<p><span style=\"color: #333333;\"><strong>Vous \u00eates une entreprise<\/strong><\/span><\/p>\r\n<p>Nous organisons vos \u00e9v\u00e9nements d\u2019entreprises sur mesure. (S\u00e9minaires, team building, incentive..) Contactez-nous !<\/p>\r\n<p>[\/vc_column_text][\/vc_column][\/vc_row][vc_row][vc_column width=\u00a0\u00bb1\/2\u2033][vc_single_image image=\u00a0\u00bb32170\u2033 img_size=\u00a0\u00bblarge\u00a0\u00bb alignment=\u00a0\u00bbcenter\u00a0\u00bb style=\u00a0\u00bbvc_box_outline\u00a0\u00bb css=\u00a0\u00bb\u00a0\u00bb][vc_single_image image=\u00a0\u00bb32085\u2033 img_size=\u00a0\u00bblarge\u00a0\u00bb alignment=\u00a0\u00bbcenter\u00a0\u00bb style=\u00a0\u00bbvc_box_outline\u00a0\u00bb css=\u00a0\u00bb\u00a0\u00bb][\/vc_column][vc_column width=\u00a0\u00bb1\/2\u2033][vc_empty_space height=\u00a0\u00bb12px\u00a0\u00bb][vc_single_image image=\u00a0\u00bb32241\u2033 img_size=\u00a0\u00bblarge\u00a0\u00bb alignment=\u00a0\u00bbcenter\u00a0\u00bb style=\u00a0\u00bbvc_box_outline\u00a0\u00bb css=\u00a0\u00bb\u00a0\u00bb][\/vc_column][\/vc_row][vc_row][vc_column width=\u00a0\u00bb1\/2\u2033][\/vc_column][vc_column width=\u00a0\u00bb1\/2\u2033][\/vc_column][\/vc_row][vc_row][vc_column][vc_column_text]<\/p>\r\n<hr \/>\r\n<p>\u00a0<\/p>\r\n<p>[\/vc_column_text][\/vc_column][\/vc_row]<\/p><\/div>","protected":false},"excerpt":{"rendered":"<p>[vc_row][vc_column][vc_single_image image=\u00a0\u00bb31457\u2033 img_size=\u00a0\u00bblarge\u00a0\u00bb alignment=\u00a0\u00bbcenter\u00a0\u00bb style=\u00a0\u00bbvc_box_outline\u00a0\u00bb][\/vc_column][\/vc_row][vc_row][vc_column width=\u00a0\u00bb1\/2\u2033][vc_single_image image=\u00a0\u00bb32036\u2033 img_size=\u00a0\u00bblarge\u00a0\u00bb alignment=\u00a0\u00bbcenter\u00a0\u00bb style=\u00a0\u00bbvc_box_outline\u00a0\u00bb css=\u00a0\u00bb\u00a0\u00bb][\/vc_column][vc_column width=\u00a0\u00bb1\/2\u2033][vc_empty_space height=\u00a0\u00bb6px\u00a0\u00bb][vc_single_image image=\u00a0\u00bb31143\u2033 img_size=\u00a0\u00bblarge\u00a0\u00bb alignment=\u00a0\u00bbcenter\u00a0\u00bb style=\u00a0\u00bbvc_box_outline\u00a0\u00bb css=\u00a0\u00bb\u00a0\u00bb][\/vc_column][\/vc_row][vc_row][vc_column][vc_column_text] Ski de Randonn\u00e9e &#038; Hors Piste \u00a0 A ski ou en snowboard, plaisirs, s\u00e9curit\u00e9 et technique sur les plus beaux itin\u00e9raires de randonn\u00e9es \u00e0 Meg\u00e8ve ou lors de vos sorties hors-piste\u2026 Meg\u00e8ve est un v\u00e9ritable paradis pour s\u2019initier ou perfectionner le ski hors-piste.Quel que soit votre niveau ou votre endurance, nous trouverons un itin\u00e9raire adapt\u00e9e \u00e0 vos capacit\u00e9s, les for\u00eats ou clairi\u00e8res du domaine \u00c9vasion Mont Blanc ou les pentes poudreuses du Mont Joly jusqu\u2019au Contamines\u2026 Les itin\u00e9raires de ski de randonn\u00e9e sont \u00e9galement nombreux et permettent de profiter des fabuleux paysages du massif du Mont Blanc.Nos instructeurs s\u2019adaptent \u00e0 votre niveau et s\u2019assurent que vous soyez en s\u00e9curit\u00e9 \u00e0 chaque instant. \u00a0 [\/vc_column_text][\/vc_column][\/vc_row][vc_row][vc_column width=\u00a0\u00bb1\/2\u2033][vc_empty_space height=\u00a0\u00bb52px\u00a0\u00bb][vc_column_text] Ski guiding 7j\/7 Ski Randonn\u00e9e \/ Hors-pisteSki\u00a0Touring \/ Hiking Engagement journ\u00e9e\u00e0 partir de 9h \u2013 16h Engagement demi-journ\u00e9ematin\u00e9e 9h \u2013 12h [\/vc_column_text][\/vc_column][vc_column width=\u00a0\u00bb1\/2\u2033][vc_single_image image=\u00a0\u00bb31462\u2033 img_size=\u00a0\u00bblarge\u00a0\u00bb alignment=\u00a0\u00bbcenter\u00a0\u00bb style=\u00a0\u00bbvc_box_outline\u00a0\u00bb][\/vc_column][\/vc_row][vc_row][vc_column][vc_column_text css=\u00a0\u00bb\u00a0\u00bb] Les + iSki \u2013 Un encadrement personnalis\u00e9 par des professionnels dipl\u00f4m\u00e9s\u2013 Du plaisir, des sensations au sein d\u2019un suivi technique et progressif\u2013 Nous fournissons DVA et vous formons \u00e0 l\u2019utilisation de votre mat\u00e9riel de s\u00e9curit\u00e9\u2013 Une organisation et des horaires modulables selon votre convenance\u2013 Le passage prioritaire \u00e9coles de ski aux remont\u00e9es m\u00e9caniques pour acc\u00e9der aux espaces\u2013 Nos conseils avis\u00e9s pour la location de votre mat\u00e9riel hors piste selon votre niveau Votre niveau technique Initiation au hors piste (\u00e0 partir du niveau skis parall\u00e8les sur pistes rouges)PerfectionnementRemise \u00e0 niveau technique Les points de rendez-vous Mont d\u2019Arbois \u2013 Ski shop \u2013 Centre village Meg\u00e8ve \u2013 Caboche interm\u00e9diaire t\u00e9l\u00e9cabine \u2013 A votre h\u00f4tel ou \u00e0 votre chalet\u2026 La prestation comprend\u00a0 L\u2019encadrement par un moniteur de snowboard dipl\u00f4m\u00e9 d\u2019Etat Fran\u00e7ais.Nos moniteurs sont bilingues Anglais \/ Fran\u00e7ais.Des conseils avis\u00e9s pour s\u00e9lectionner le mat\u00e9riel adapt\u00e9 selon le programme de votre s\u00e9jour en partenariat avec notre ski shop. Informations relatives aux cours\u00a0\/ annulation\u00a0 Une assurance en responsabilit\u00e9 civile professionnelle li\u00e9e \u00e0 l\u2019encadrement de l\u2019activit\u00e9 est incluse ; cependant vous devez \u00eatre muni d\u2019une assurance individuelle accident. Chaque participant devra d\u00e9clarer ne pas pr\u00e9senter de contre-indications m\u00e9dicales \u00e0 la pratique du ski. L\u2019annulation doit avoir lieu plus de 30 jours avant le d\u00e9but des cours. Si celle-ci a lieu entre 30 et 15 jours avant le d\u00e9but des cours, un montant correspondant aux heures de cours du premier jour sera retenu. Prestations \u00e0 r\u00e9gler en int\u00e9gralit\u00e9 pass\u00e9 ce d\u00e9lai. Vous \u00eates une entreprise Nous organisons vos \u00e9v\u00e9nements d\u2019entreprises sur mesure. (S\u00e9minaires, team building, incentive..) Contactez-nous ! [\/vc_column_text][\/vc_column][\/vc_row][vc_row][vc_column width=\u00a0\u00bb1\/2\u2033][vc_single_image image=\u00a0\u00bb32170\u2033 img_size=\u00a0\u00bblarge\u00a0\u00bb alignment=\u00a0\u00bbcenter\u00a0\u00bb style=\u00a0\u00bbvc_box_outline\u00a0\u00bb css=\u00a0\u00bb\u00a0\u00bb][vc_single_image image=\u00a0\u00bb32085\u2033 img_size=\u00a0\u00bblarge\u00a0\u00bb alignment=\u00a0\u00bbcenter\u00a0\u00bb style=\u00a0\u00bbvc_box_outline\u00a0\u00bb css=\u00a0\u00bb\u00a0\u00bb][\/vc_column][vc_column width=\u00a0\u00bb1\/2\u2033][vc_empty_space height=\u00a0\u00bb12px\u00a0\u00bb][vc_single_image image=\u00a0\u00bb32241\u2033 img_size=\u00a0\u00bblarge\u00a0\u00bb alignment=\u00a0\u00bbcenter\u00a0\u00bb style=\u00a0\u00bbvc_box_outline\u00a0\u00bb css=\u00a0\u00bb\u00a0\u00bb][\/vc_column][\/vc_row][vc_row][vc_column width=\u00a0\u00bb1\/2\u2033][\/vc_column][vc_column width=\u00a0\u00bb1\/2\u2033][\/vc_column][\/vc_row][vc_row][vc_column][vc_column_text] \u00a0 [\/vc_column_text][\/vc_column][\/vc_row]<\/p>\n","protected":false},"author":1,"featured_media":0,"parent":0,"menu_order":0,"comment_status":"closed","ping_status":"closed","template":"","meta":{"footnotes":""},"class_list":["post-31221","page","type-page","status-publish","hentry"],"aioseo_notices":[],"_links":{"self":[{"href":"https:\/\/www.iskimegeve.com\/fr\/wp-json\/wp\/v2\/pages\/31221","targetHints":{"allow":["GET"]}}],"collection":[{"href":"https:\/\/www.iskimegeve.com\/fr\/wp-json\/wp\/v2\/pages"}],"about":[{"href":"https:\/\/www.iskimegeve.com\/fr\/wp-json\/wp\/v2\/types\/page"}],"author":[{"embeddable":true,"href":"https:\/\/www.iskimegeve.com\/fr\/wp-json\/wp\/v2\/users\/1"}],"replies":[{"embeddable":true,"href":"https:\/\/www.iskimegeve.com\/fr\/wp-json\/wp\/v2\/comments?post=31221"}],"version-history":[{"count":26,"href":"https:\/\/www.iskimegeve.com\/fr\/wp-json\/wp\/v2\/pages\/31221\/revisions"}],"predecessor-version":[{"id":32249,"href":"https:\/\/www.iskimegeve.com\/fr\/wp-json\/wp\/v2\/pages\/31221\/revisions\/32249"}],"wp:attachment":[{"href":"https:\/\/www.iskimegeve.com\/fr\/wp-json\/wp\/v2\/media?parent=31221"}],"curies":[{"name":"wp","href":"https:\/\/api.w.org\/{rel}","templated":true}]}}