{"id":31584,"date":"2021-01-13T18:15:48","date_gmt":"2021-01-13T17:15:48","guid":{"rendered":"https:\/\/www.iskimegeve.com\/?page_id=31584"},"modified":"2025-03-18T11:23:24","modified_gmt":"2025-03-18T10:23:24","slug":"guide-randonnee-raquettes-megeve","status":"publish","type":"page","link":"https:\/\/www.iskimegeve.com\/fr\/guide-randonnee-raquettes-megeve\/","title":{"rendered":"Randonn\u00e9es raquettes \u00e0 Meg\u00e8ve"},"content":{"rendered":"<div class=\"wpb-content-wrapper\">[vc_row][vc_column][vc_single_image image=\u00a0\u00bb29978&Prime; img_size=\u00a0\u00bblarge\u00a0\u00bb alignment=\u00a0\u00bbcenter\u00a0\u00bb style=\u00a0\u00bbvc_box_outline\u00a0\u00bb][\/vc_column][\/vc_row][vc_row][vc_column width=\u00a0\u00bb1\/2&Prime;][vc_single_image image=\u00a0\u00bb29984&Prime; img_size=\u00a0\u00bblarge\u00a0\u00bb alignment=\u00a0\u00bbcenter\u00a0\u00bb style=\u00a0\u00bbvc_box_outline\u00a0\u00bb css=\u00a0\u00bb\u00a0\u00bb][\/vc_column][vc_column width=\u00a0\u00bb1\/2&Prime;][vc_single_image image=\u00a0\u00bb31012&Prime; img_size=\u00a0\u00bblarge\u00a0\u00bb alignment=\u00a0\u00bbcenter\u00a0\u00bb style=\u00a0\u00bbvc_box_outline\u00a0\u00bb css=\u00a0\u00bb\u00a0\u00bb][\/vc_column][\/vc_row][vc_row][vc_column][vc_column_text]\r\n<div class=\"wpb_text_column wpb_content_element wpb_animate_when_almost_visible wpb_right-to-left right-to-left wpb_start_animation animated\">\r\n<div class=\"wpb_wrapper\">\r\n<p style=\"text-align: center;\"><strong style=\"font-family: Arimo, sans-serif; font-size: 1.25em;\"><span style=\"color: #912424;\">Vos randonn\u00e9es raquettes \u00e0 Meg\u00e8ve<\/span><\/strong><\/p>\r\n&nbsp;\r\n\r\n<\/div>\r\n\r\n<hr \/>\r\n\r\n<\/div>\r\n<!-- \/wp:post-content -->\r\n<div class=\"wpb_text_column wpb_content_element \">\r\n<div class=\"wpb_wrapper\">\r\n\r\n&nbsp;\r\n\r\n<\/div>\r\n<\/div>\r\n[\/vc_column_text][\/vc_column][\/vc_row][vc_row][vc_column width=\u00a0\u00bb2\/3&Prime;][vc_column_text]<strong>Vous souhaitez d\u00e9couvrir les plus beaux itin\u00e9raires de Meg\u00e8ve,\u00a0observer la faune, prendre le temps de respirer l&rsquo;air pur et de contempler des paysages\u00a0magnifiques \u00a0&#8230; <\/strong>\r\n\r\nCheminer, musarder, s&rsquo;arr\u00eater o\u00f9 l&rsquo;on veut, \u00e9couter, observer. Rien ne para\u00eet plus n\u00e9c\u00e9ssaire aujourd&rsquo;hui que de d\u00e9couvrir ou\u00a0red\u00e9couvrir nos paysages et nos villages&#8230;\r\n\r\niSkimeg\u00e8ve vous propose des itin\u00e9raires en raquettes\u00a0certifi\u00e9s par des professionnels dipl\u00f4m\u00e9s d&rsquo;Etat et des formules sur mesure selon votre niveau physique !\r\n\r\nLa formule \u00a0&lsquo;d\u00e9couverte&rsquo; a lieu toute la saison d&rsquo;hiver. <strong>Possibilit\u00e9 de prolonger en journ\u00e9e avec d\u00e9jeuner en refuge ou formule weekend.\r\n<\/strong>\r\nD\u00e9butants randonn\u00e9e &#8211; Remise \u00e0 niveau &#8211; Coaching sportif\r\n\r\nD\u00e9couvrez une vari\u00e9t\u00e9 de lieux typiques autour de Meg\u00e8ve quelque soit votre niveau. <strong>C<\/strong>haque randonn\u00e9e est diff\u00e9rente.\r\n\r\n<strong><span style=\"color: #912424;\">Plus d&rsquo;infos : +33(0)6 16 24 80 62<\/span>\u00a0<\/strong>[\/vc_column_text][vc_column_text]En famille ou entre amis venez d\u00e9couvrir une \u00e9cole de ski et de montagne \u00e0 dimension humaine, nous vous proposons des prestations haut de gamme sur mesure.\r\n\r\niSkimeg\u00e8ve est constitu\u00e9 exclusivement de moniteurs de ski, sp\u00e9cialiste de la randonn\u00e9e et d&rsquo;accompagnateurs raquettes en montagne dipl\u00f4m\u00e9s d&rsquo;Etat.\r\n\r\nD\u00e9couvrez notre option cours de compositions et prises de vue ci-dessous pour une approche r\u00e9solument unique en pleine nature.[\/vc_column_text][\/vc_column][vc_column width=\u00a0\u00bb1\/3&Prime;][vc_single_image image=\u00a0\u00bb31673&Prime; img_size=\u00a0\u00bb\u00a0\u00bb alignment=\u00a0\u00bbcenter\u00a0\u00bb style=\u00a0\u00bbvc_box_outline\u00a0\u00bb][vc_single_image image=\u00a0\u00bb31661&Prime; img_size=\u00a0\u00bb\u00a0\u00bb alignment=\u00a0\u00bbcenter\u00a0\u00bb style=\u00a0\u00bbvc_box_outline\u00a0\u00bb][vc_single_image image=\u00a0\u00bb31653&Prime; img_size=\u00a0\u00bb\u00a0\u00bb alignment=\u00a0\u00bbcenter\u00a0\u00bb style=\u00a0\u00bbvc_box_outline\u00a0\u00bb][vc_single_image image=\u00a0\u00bb31880&Prime; img_size=\u00a0\u00bb\u00a0\u00bb alignment=\u00a0\u00bbcenter\u00a0\u00bb style=\u00a0\u00bbvc_box_outline\u00a0\u00bb][\/vc_column][\/vc_row][vc_row][vc_column][vc_single_image image=\u00a0\u00bb31037&Prime; img_size=\u00a0\u00bblarge\u00a0\u00bb alignment=\u00a0\u00bbcenter\u00a0\u00bb style=\u00a0\u00bbvc_box_outline\u00a0\u00bb css=\u00a0\u00bb\u00a0\u00bb][vc_column_text]\r\n<div class=\"wpb_text_column wpb_content_element wpb_animate_when_almost_visible wpb_right-to-left right-to-left wpb_start_animation animated\">\r\n<div class=\"wpb_wrapper\">\r\n<p style=\"text-align: center;\"><span style=\"color: #912424;\"><b><span style=\"font-size: 17.5px;\">\r\nVos Randonn\u00e9es en Raquettes &amp; Cours de Photographies\u00a0<\/span><\/b><\/span><\/p>\r\n\r\n<\/div>\r\n\r\n<hr \/>\r\n\r\n<\/div>\r\n<!-- \/wp:html --><!-- \/wp:paragraph -->\r\n<div class=\"wpb_text_column wpb_content_element \">\r\n<div class=\"wpb_wrapper\">\r\n\r\n&nbsp;\r\n\r\n<\/div>\r\n<\/div>\r\n[\/vc_column_text][\/vc_column][\/vc_row][vc_row][vc_column width=\u00a0\u00bb2\/3&Prime;][vc_column_text]\r\n<div>\r\n<div>iSkimegeve propose des cours de photographies lors de vos randonn\u00e9es raquettes, nous adaptons et personnalisons votre demande selon vos envies !<\/div>\r\n<div><\/div>\r\n<div>Cette masterclass photographique aidera les participants \u00e0 developper une approche artistique et \u00e0 l\u2019appliquer lors de leurs prises de vue\u2026<\/div>\r\n&nbsp;\r\n<ul>\r\n \t<li>Les basiques indispensables pour r\u00e9aliser vos premi\u00e8res belles photos<\/li>\r\n \t<li>Les r\u00e9glages personnalis\u00e9s et astuces utiles<\/li>\r\n \t<li>La composition et le cadrage<\/li>\r\n \t<li>La lumi\u00e8re et la gestion de l\u2019exposition<\/li>\r\n \t<li>La profondeur de champ et la valeur artistique du flou<\/li>\r\n \t<li>Le noir et blanc et la couleur&#8230;<\/li>\r\n<\/ul>\r\n<\/div>\r\n<div>\r\n<div><\/div>\r\n<div><\/div>\r\n<\/div>\r\n[\/vc_column_text][\/vc_column][vc_column width=\u00a0\u00bb1\/3&Prime;][vc_empty_space height=\u00a0\u00bb12px\u00a0\u00bb][vc_single_image image=\u00a0\u00bb30135&Prime; img_size=\u00a0\u00bblarge\u00a0\u00bb alignment=\u00a0\u00bbcenter\u00a0\u00bb style=\u00a0\u00bbvc_box_outline\u00a0\u00bb][vc_single_image image=\u00a0\u00bb31486&Prime; img_size=\u00a0\u00bblarge\u00a0\u00bb alignment=\u00a0\u00bbcenter\u00a0\u00bb style=\u00a0\u00bbvc_box_outline\u00a0\u00bb][\/vc_column][\/vc_row][vc_row][vc_column width=\u00a0\u00bb2\/3&Prime;][vc_column_text]\r\n<div>\r\n<div>\r\n\r\n&nbsp;\r\n\r\n<\/div>\r\n<\/div>\r\n<div>\r\n<div>Cours particuliers appareils toutes marques<\/div>\r\n<div>Leica &#8211; Hasselblad &#8211; Canon &#8211; Nikon &#8211; Sony &#8211; Panasonic &#8211; Fujifilm &#8211; Kodak &#8230;<\/div>\r\n<div><\/div>\r\n<div><b>Encadrement par un photographe\u00a0professionnel sp\u00e9cialiste de la randonn\u00e9e en montagne.<\/b><\/div>\r\n&nbsp;\r\n<div>*Nous mettons \u00e0 votre disposition un appareil pendant la dur\u00e9e de la randonn\u00e9e si vous le souhaitez. Vous devrez simplement vous munir d&rsquo;une carte m\u00e9moire SD pour conserver vos clich\u00e9s&#8230;<\/div>\r\n<\/div>\r\n[\/vc_column_text][\/vc_column][vc_column width=\u00a0\u00bb1\/3&Prime;][vc_single_image image=\u00a0\u00bb31921&Prime; img_size=\u00a0\u00bblarge\u00a0\u00bb alignment=\u00a0\u00bbcenter\u00a0\u00bb style=\u00a0\u00bbvc_box_outline\u00a0\u00bb][\/vc_column][\/vc_row][vc_row][vc_column][vc_single_image image=\u00a0\u00bb30427&Prime; img_size=\u00a0\u00bblarge\u00a0\u00bb alignment=\u00a0\u00bbcenter\u00a0\u00bb style=\u00a0\u00bbvc_box_outline\u00a0\u00bb][\/vc_column][\/vc_row]<!-- \/wp:freeform --><\/div>","protected":false},"excerpt":{"rendered":"<p>[vc_row][vc_column][vc_single_image image=\u00a0\u00bb29978&Prime; img_size=\u00a0\u00bblarge\u00a0\u00bb alignment=\u00a0\u00bbcenter\u00a0\u00bb style=\u00a0\u00bbvc_box_outline\u00a0\u00bb][\/vc_column][\/vc_row][vc_row][vc_column width=\u00a0\u00bb1\/2&Prime;][vc_single_image image=\u00a0\u00bb29984&Prime; img_size=\u00a0\u00bblarge\u00a0\u00bb alignment=\u00a0\u00bbcenter\u00a0\u00bb style=\u00a0\u00bbvc_box_outline\u00a0\u00bb css=\u00a0\u00bb\u00a0\u00bb][\/vc_column][vc_column width=\u00a0\u00bb1\/2&Prime;][vc_single_image image=\u00a0\u00bb31012&Prime; img_size=\u00a0\u00bblarge\u00a0\u00bb alignment=\u00a0\u00bbcenter\u00a0\u00bb style=\u00a0\u00bbvc_box_outline\u00a0\u00bb css=\u00a0\u00bb\u00a0\u00bb][\/vc_column][\/vc_row][vc_row][vc_column][vc_column_text] Vos randonn\u00e9es raquettes \u00e0 Meg\u00e8ve &nbsp; &nbsp; [\/vc_column_text][\/vc_column][\/vc_row][vc_row][vc_column width=\u00a0\u00bb2\/3&Prime;][vc_column_text]Vous souhaitez d\u00e9couvrir les plus beaux itin\u00e9raires de Meg\u00e8ve,\u00a0observer la faune, prendre le temps de respirer l&rsquo;air pur et de contempler des paysages\u00a0magnifiques \u00a0&#8230; Cheminer, musarder, s&rsquo;arr\u00eater o\u00f9 l&rsquo;on veut, \u00e9couter, observer. Rien ne para\u00eet plus n\u00e9c\u00e9ssaire aujourd&rsquo;hui que de d\u00e9couvrir ou\u00a0red\u00e9couvrir nos paysages et nos villages&#8230; iSkimeg\u00e8ve vous propose des itin\u00e9raires en raquettes\u00a0certifi\u00e9s par des professionnels dipl\u00f4m\u00e9s d&rsquo;Etat et des formules sur mesure selon votre niveau physique ! La formule \u00a0&lsquo;d\u00e9couverte&rsquo; a lieu toute la saison d&rsquo;hiver. Possibilit\u00e9 de prolonger en journ\u00e9e avec d\u00e9jeuner en refuge ou formule weekend. D\u00e9butants randonn\u00e9e &#8211; Remise \u00e0 niveau &#8211; Coaching sportif D\u00e9couvrez une vari\u00e9t\u00e9 de lieux typiques autour de Meg\u00e8ve quelque soit votre niveau. Chaque randonn\u00e9e est diff\u00e9rente. Plus d&rsquo;infos : +33(0)6 16 24 80 62\u00a0[\/vc_column_text][vc_column_text]En famille ou entre amis venez d\u00e9couvrir une \u00e9cole de ski et de montagne \u00e0 dimension humaine, nous vous proposons des prestations haut de gamme sur mesure. iSkimeg\u00e8ve est constitu\u00e9 exclusivement de moniteurs de ski, sp\u00e9cialiste de la randonn\u00e9e et d&rsquo;accompagnateurs raquettes en montagne dipl\u00f4m\u00e9s d&rsquo;Etat. D\u00e9couvrez notre option cours de compositions et prises de vue ci-dessous pour une approche r\u00e9solument unique en pleine nature.[\/vc_column_text][\/vc_column][vc_column width=\u00a0\u00bb1\/3&Prime;][vc_single_image image=\u00a0\u00bb31673&Prime; img_size=\u00a0\u00bb\u00a0\u00bb alignment=\u00a0\u00bbcenter\u00a0\u00bb style=\u00a0\u00bbvc_box_outline\u00a0\u00bb][vc_single_image image=\u00a0\u00bb31661&Prime; img_size=\u00a0\u00bb\u00a0\u00bb alignment=\u00a0\u00bbcenter\u00a0\u00bb style=\u00a0\u00bbvc_box_outline\u00a0\u00bb][vc_single_image image=\u00a0\u00bb31653&Prime; img_size=\u00a0\u00bb\u00a0\u00bb alignment=\u00a0\u00bbcenter\u00a0\u00bb style=\u00a0\u00bbvc_box_outline\u00a0\u00bb][vc_single_image image=\u00a0\u00bb31880&Prime; img_size=\u00a0\u00bb\u00a0\u00bb alignment=\u00a0\u00bbcenter\u00a0\u00bb style=\u00a0\u00bbvc_box_outline\u00a0\u00bb][\/vc_column][\/vc_row][vc_row][vc_column][vc_single_image image=\u00a0\u00bb31037&Prime; img_size=\u00a0\u00bblarge\u00a0\u00bb alignment=\u00a0\u00bbcenter\u00a0\u00bb style=\u00a0\u00bbvc_box_outline\u00a0\u00bb css=\u00a0\u00bb\u00a0\u00bb][vc_column_text] Vos Randonn\u00e9es en Raquettes &amp; Cours de Photographies\u00a0 &nbsp; [\/vc_column_text][\/vc_column][\/vc_row][vc_row][vc_column width=\u00a0\u00bb2\/3&Prime;][vc_column_text] iSkimegeve propose des cours de photographies lors de vos randonn\u00e9es raquettes, nous adaptons et personnalisons votre demande selon vos envies ! Cette masterclass photographique aidera les participants \u00e0 developper une approche artistique et \u00e0 l\u2019appliquer lors de leurs prises de vue\u2026 &nbsp; Les basiques indispensables pour r\u00e9aliser vos premi\u00e8res belles photos Les r\u00e9glages personnalis\u00e9s et astuces utiles La composition et le cadrage La lumi\u00e8re et la gestion de l\u2019exposition La profondeur de champ et la valeur artistique du flou Le noir et blanc et la couleur&#8230; [\/vc_column_text][\/vc_column][vc_column width=\u00a0\u00bb1\/3&Prime;][vc_empty_space height=\u00a0\u00bb12px\u00a0\u00bb][vc_single_image image=\u00a0\u00bb30135&Prime; img_size=\u00a0\u00bblarge\u00a0\u00bb alignment=\u00a0\u00bbcenter\u00a0\u00bb style=\u00a0\u00bbvc_box_outline\u00a0\u00bb][vc_single_image image=\u00a0\u00bb31486&Prime; img_size=\u00a0\u00bblarge\u00a0\u00bb alignment=\u00a0\u00bbcenter\u00a0\u00bb style=\u00a0\u00bbvc_box_outline\u00a0\u00bb][\/vc_column][\/vc_row][vc_row][vc_column width=\u00a0\u00bb2\/3&Prime;][vc_column_text] &nbsp; Cours particuliers appareils toutes marques Leica &#8211; Hasselblad &#8211; Canon &#8211; Nikon &#8211; Sony &#8211; Panasonic &#8211; Fujifilm &#8211; Kodak &#8230; Encadrement par un photographe\u00a0professionnel sp\u00e9cialiste de la randonn\u00e9e en montagne. &nbsp; *Nous mettons \u00e0 votre disposition un appareil pendant la dur\u00e9e de la randonn\u00e9e si vous le souhaitez. Vous devrez simplement vous munir d&rsquo;une carte m\u00e9moire SD pour conserver vos clich\u00e9s&#8230; [\/vc_column_text][\/vc_column][vc_column width=\u00a0\u00bb1\/3&Prime;][vc_single_image image=\u00a0\u00bb31921&Prime; img_size=\u00a0\u00bblarge\u00a0\u00bb alignment=\u00a0\u00bbcenter\u00a0\u00bb style=\u00a0\u00bbvc_box_outline\u00a0\u00bb][\/vc_column][\/vc_row][vc_row][vc_column][vc_single_image image=\u00a0\u00bb30427&Prime; img_size=\u00a0\u00bblarge\u00a0\u00bb alignment=\u00a0\u00bbcenter\u00a0\u00bb style=\u00a0\u00bbvc_box_outline\u00a0\u00bb][\/vc_column][\/vc_row]<\/p>\n","protected":false},"author":1,"featured_media":0,"parent":0,"menu_order":0,"comment_status":"closed","ping_status":"closed","template":"","meta":{"footnotes":""},"class_list":["post-31584","page","type-page","status-publish","hentry"],"aioseo_notices":[],"_links":{"self":[{"href":"https:\/\/www.iskimegeve.com\/fr\/wp-json\/wp\/v2\/pages\/31584","targetHints":{"allow":["GET"]}}],"collection":[{"href":"https:\/\/www.iskimegeve.com\/fr\/wp-json\/wp\/v2\/pages"}],"about":[{"href":"https:\/\/www.iskimegeve.com\/fr\/wp-json\/wp\/v2\/types\/page"}],"author":[{"embeddable":true,"href":"https:\/\/www.iskimegeve.com\/fr\/wp-json\/wp\/v2\/users\/1"}],"replies":[{"embeddable":true,"href":"https:\/\/www.iskimegeve.com\/fr\/wp-json\/wp\/v2\/comments?post=31584"}],"version-history":[{"count":58,"href":"https:\/\/www.iskimegeve.com\/fr\/wp-json\/wp\/v2\/pages\/31584\/revisions"}],"predecessor-version":[{"id":32135,"href":"https:\/\/www.iskimegeve.com\/fr\/wp-json\/wp\/v2\/pages\/31584\/revisions\/32135"}],"wp:attachment":[{"href":"https:\/\/www.iskimegeve.com\/fr\/wp-json\/wp\/v2\/media?parent=31584"}],"curies":[{"name":"wp","href":"https:\/\/api.w.org\/{rel}","templated":true}]}}